{"id":53810,"date":"2024-06-24T17:58:52","date_gmt":"2024-06-24T17:58:52","guid":{"rendered":"https:\/\/prod.maisonheavenly.com\/beau-et-durable\/"},"modified":"2024-09-08T08:15:01","modified_gmt":"2024-09-08T08:15:01","slug":"beau-et-durable","status":"publish","type":"page","link":"https:\/\/maisonheavenly.com\/fr\/beau-et-durable\/","title":{"rendered":"BEAU ET DURABLE"},"content":{"rendered":"\t\t<div data-elementor-type=\"wp-page\" data-elementor-id=\"53810\" class=\"elementor elementor-53810 elementor-50937\">\n\t\t\t\t<div class=\"elementor-element elementor-element-2b8aa85 e-con-full e-flex e-con e-parent\" data-id=\"2b8aa85\" data-element_type=\"container\" data-e-type=\"container\" data-settings=\"{&quot;background_background&quot;:&quot;gradient&quot;}\">\n\t\t\t\t<div class=\"elementor-element elementor-element-5208c8b elementor-widget elementor-widget-heading\" data-id=\"5208c8b\" data-element_type=\"widget\" data-e-type=\"widget\" data-widget_type=\"heading.default\">\n\t\t\t\t<div class=\"elementor-widget-container\">\n\t\t\t\t\t<h1 class=\"elementor-heading-title elementor-size-default\">BEAU ET DURABLE<\/h1>\t\t\t\t<\/div>\n\t\t\t\t<\/div>\n\t\t\t\t<\/div>\n\t\t<div class=\"elementor-element elementor-element-8371402 e-con-full e-flex e-con e-parent\" data-id=\"8371402\" data-element_type=\"container\" data-e-type=\"container\">\n\t\t<div class=\"elementor-element elementor-element-5053075 e-con-full e-flex e-con e-child\" data-id=\"5053075\" data-element_type=\"container\" data-e-type=\"container\">\n\t\t<div class=\"elementor-element elementor-element-c8d7bfc e-con-full e-flex e-con e-child\" data-id=\"c8d7bfc\" data-element_type=\"container\" data-e-type=\"container\">\n\t\t<div class=\"elementor-element elementor-element-c8432ca e-con-full e-flex e-con e-child\" data-id=\"c8432ca\" data-element_type=\"container\" data-e-type=\"container\">\n\t\t<div class=\"elementor-element elementor-element-3416966 e-con-full e-flex e-con e-child\" data-id=\"3416966\" data-element_type=\"container\" data-e-type=\"container\">\n\t\t\t\t<div class=\"elementor-element elementor-element-033c315 elementor-widget elementor-widget-text-editor\" data-id=\"033c315\" data-element_type=\"widget\" data-e-type=\"widget\" data-widget_type=\"text-editor.default\">\n\t\t\t\t<div class=\"elementor-widget-container\">\n\t\t\t\t\t\t\t\t\t<p>ENGAG\u00c9 POUR UNE BEAUT\u00c9 RESPECTUEUSE<br \/>selon une exigence de tra\u00e7abilit\u00e9 et d\u2019\u00e9co-conception<\/p>\n\t\t\t\t\t\t\t\t<\/div>\n\t\t\t\t<\/div>\n\t\t\t\t<div class=\"elementor-element elementor-element-52e27b9 elementor-widget elementor-widget-text-editor\" data-id=\"52e27b9\" data-element_type=\"widget\" data-e-type=\"widget\" data-widget_type=\"text-editor.default\">\n\t\t\t\t<div class=\"elementor-widget-container\">\n\t\t\t\t\t\t\t\t\t<p>Toutes les cr\u00e9ations Heavenly sont cr\u00e9\u00e9es et d\u00e9velopp\u00e9es \u00e0 Gen\u00e8ve, int\u00e9grant une tra\u00e7abilit\u00e9 d\u00e8s la conception et fabriqu\u00e9es par un partenaire membre du Responsible Jewellery Council (RJC).<\/p>\n<p>Organisation internationale \u00e0 but non lucratif, le RJC garantit un respect rigoureux de pratiques \u00e9thiques, sociales et environnementales \u00e0 chaque \u00e9tape de la fabrication, v\u00e9rifi\u00e9 par un audit ind\u00e9pendant.<\/p>\n<p>Heavenly utilise de l\u2019or 100% \u00e9thique, recycl\u00e9 et durable, r\u00e9duisant son empreinte carbone jusqu\u2019\u00e0 99%, garanti par le CoC.<\/p>\n\t\t\t\t\t\t\t\t<\/div>\n\t\t\t\t<\/div>\n\t\t\t\t<\/div>\n\t\t\t\t<\/div>\n\t\t<div class=\"elementor-element elementor-element-f0bdb2b e-con-full e-flex e-con e-child\" data-id=\"f0bdb2b\" data-element_type=\"container\" data-e-type=\"container\">\n\t\t\t\t<div class=\"elementor-element elementor-element-06eddcb elementor-widget elementor-widget-image\" data-id=\"06eddcb\" data-element_type=\"widget\" data-e-type=\"widget\" data-widget_type=\"image.default\">\n\t\t\t\t<div class=\"elementor-widget-container\">\n\t\t\t\t\t\t\t\t\t\t\t\t\t\t\t<img fetchpriority=\"high\" decoding=\"async\" width=\"900\" height=\"600\" src=\"https:\/\/maisonheavenly.com\/wp-content\/uploads\/2024\/08\/Beautiful-and-sustainable.png\" class=\"attachment-large size-large wp-image-54325\" alt=\"\" \/>\t\t\t\t\t\t\t\t\t\t\t\t\t\t\t<\/div>\n\t\t\t\t<\/div>\n\t\t\t\t<\/div>\n\t\t\t\t<\/div>\n\t\t\t\t<\/div>\n\t\t\t\t<\/div>\n\t\t<div class=\"elementor-element elementor-element-d04dfbf e-con-full e-flex e-con e-parent\" data-id=\"d04dfbf\" data-element_type=\"container\" data-e-type=\"container\">\n\t\t<div class=\"elementor-element elementor-element-9a31312 e-con-full e-flex e-con e-child\" data-id=\"9a31312\" data-element_type=\"container\" data-e-type=\"container\" data-settings=\"{&quot;background_background&quot;:&quot;classic&quot;}\">\n\t\t<div class=\"elementor-element elementor-element-d293333 e-con-full e-flex e-con e-child\" data-id=\"d293333\" data-element_type=\"container\" data-e-type=\"container\">\n\t\t<div class=\"elementor-element elementor-element-def3cf2 e-con-full e-flex e-con e-child\" data-id=\"def3cf2\" data-element_type=\"container\" data-e-type=\"container\">\n\t\t<div class=\"elementor-element elementor-element-74ac30f e-con-full e-flex e-con e-child\" data-id=\"74ac30f\" data-element_type=\"container\" data-e-type=\"container\">\n\t\t\t\t<div class=\"elementor-element elementor-element-f475b4b elementor-widget__width-inherit elementor-widget elementor-widget-image\" data-id=\"f475b4b\" data-element_type=\"widget\" data-e-type=\"widget\" data-widget_type=\"image.default\">\n\t\t\t\t<div class=\"elementor-widget-container\">\n\t\t\t\t\t\t\t\t\t\t\t\t\t\t\t<img decoding=\"async\" width=\"1024\" height=\"683\" src=\"https:\/\/maisonheavenly.com\/wp-content\/uploads\/2024\/06\/Tourmaline-header-1024x683.jpg\" class=\"attachment-large size-large wp-image-53538\" alt=\"\" \/>\t\t\t\t\t\t\t\t\t\t\t\t\t\t\t<\/div>\n\t\t\t\t<\/div>\n\t\t\t\t<\/div>\n\t\t\t\t<\/div>\n\t\t<div class=\"elementor-element elementor-element-1f06a13 e-con-full e-flex e-con e-child\" data-id=\"1f06a13\" data-element_type=\"container\" data-e-type=\"container\" data-settings=\"{&quot;background_background&quot;:&quot;classic&quot;}\">\n\t\t\t\t<div class=\"elementor-element elementor-element-e613a0c elementor-widget elementor-widget-text-editor\" data-id=\"e613a0c\" data-element_type=\"widget\" data-e-type=\"widget\" data-widget_type=\"text-editor.default\">\n\t\t\t\t<div class=\"elementor-widget-container\">\n\t\t\t\t\t\t\t\t\t<p>Des pierres d\u2019une qualit\u00e9 sourc\u00e9e<\/p>\n\t\t\t\t\t\t\t\t<\/div>\n\t\t\t\t<\/div>\n\t\t\t\t<div class=\"elementor-element elementor-element-535cb47 elementor-widget elementor-widget-text-editor\" data-id=\"535cb47\" data-element_type=\"widget\" data-e-type=\"widget\" data-widget_type=\"text-editor.default\">\n\t\t\t\t<div class=\"elementor-widget-container\">\n\t\t\t\t\t\t\t\t\t<p><span class=\"heavenly\">Heavenly<\/span> evendique un attachement fervent \u00e0 des pierres de qualit\u00e9 sourc\u00e9e, quelle que soit la nature de la pierre.<br \/>Un certificat GIA (Gemmological Institute of America) pr\u00e9cise la taille, le poids en carats, la couleur, la clart\u00e9 et la taille de tout diamant d\u00e8s 0,5 ct.<br \/>Un autre certificat est d\u00e9livr\u00e9 pour les tourmalines de nos collections.<\/p>\n<p>En contr\u00f4lant chaque \u00e9tape de la production de nos cr\u00e9ations dans le respect de l\u2019environnement et des personnes, <span class=\"heavenly\">Heavenly<\/span> s\u2019engage pour une beaut\u00e9 respectueuse.<\/p>\n<p>Pour la plan\u00e8te. Pour ceux qui portent ses bijoux.<\/p>\n\t\t\t\t\t\t\t\t<\/div>\n\t\t\t\t<\/div>\n\t\t\t\t<\/div>\n\t\t\t\t<\/div>\n\t\t\t\t<\/div>\n\t\t\t\t<\/div>\n\t\t<div class=\"elementor-element elementor-element-03fd352 e-grid e-con-boxed e-con e-parent\" data-id=\"03fd352\" data-element_type=\"container\" data-e-type=\"container\">\n\t\t\t\t\t<div class=\"e-con-inner\">\n\t\t\t\t<div class=\"elementor-element elementor-element-9539436 elementor-widget elementor-widget-image\" data-id=\"9539436\" data-element_type=\"widget\" data-e-type=\"widget\" data-widget_type=\"image.default\">\n\t\t\t\t<div class=\"elementor-widget-container\">\n\t\t\t\t\t\t\t\t\t\t\t\t\t\t\t<img decoding=\"async\" width=\"512\" height=\"512\" src=\"https:\/\/maisonheavenly.com\/wp-content\/uploads\/2024\/07\/diamond-1.png\" class=\"attachment-large size-large wp-image-53583\" alt=\"\" \/>\t\t\t\t\t\t\t\t\t\t\t\t\t\t\t<\/div>\n\t\t\t\t<\/div>\n\t\t\t\t<div class=\"elementor-element elementor-element-367b774 elementor-widget elementor-widget-image\" data-id=\"367b774\" data-element_type=\"widget\" data-e-type=\"widget\" data-widget_type=\"image.default\">\n\t\t\t\t<div class=\"elementor-widget-container\">\n\t\t\t\t\t\t\t\t\t\t\t\t\t\t\t<img loading=\"lazy\" decoding=\"async\" width=\"512\" height=\"512\" src=\"https:\/\/maisonheavenly.com\/wp-content\/uploads\/2024\/07\/save.png\" class=\"attachment-large size-large wp-image-53582\" alt=\"\" \/>\t\t\t\t\t\t\t\t\t\t\t\t\t\t\t<\/div>\n\t\t\t\t<\/div>\n\t\t\t\t<div class=\"elementor-element elementor-element-6c55f99 elementor-widget elementor-widget-image\" data-id=\"6c55f99\" data-element_type=\"widget\" data-e-type=\"widget\" data-widget_type=\"image.default\">\n\t\t\t\t<div class=\"elementor-widget-container\">\n\t\t\t\t\t\t\t\t\t\t\t\t\t\t\t<img loading=\"lazy\" decoding=\"async\" width=\"512\" height=\"512\" src=\"https:\/\/maisonheavenly.com\/wp-content\/uploads\/2024\/07\/recycle-b.png\" class=\"attachment-large size-large wp-image-53606\" alt=\"\" \/>\t\t\t\t\t\t\t\t\t\t\t\t\t\t\t<\/div>\n\t\t\t\t<\/div>\n\t\t\t\t<div class=\"elementor-element elementor-element-64d73e7 elementor-widget elementor-widget-text-editor\" data-id=\"64d73e7\" data-element_type=\"widget\" data-e-type=\"widget\" data-widget_type=\"text-editor.default\">\n\t\t\t\t<div class=\"elementor-widget-container\">\n\t\t\t\t\t\t\t\t\t<p>Joaillier engag\u00e9<\/p>\n\t\t\t\t\t\t\t\t<\/div>\n\t\t\t\t<\/div>\n\t\t\t\t<div class=\"elementor-element elementor-element-986e8b2 elementor-widget elementor-widget-text-editor\" data-id=\"986e8b2\" data-element_type=\"widget\" data-e-type=\"widget\" data-widget_type=\"text-editor.default\">\n\t\t\t\t<div class=\"elementor-widget-container\">\n\t\t\t\t\t\t\t\t\t<p>Durable<\/p>\n\t\t\t\t\t\t\t\t<\/div>\n\t\t\t\t<\/div>\n\t\t\t\t<div class=\"elementor-element elementor-element-9d2686c elementor-widget elementor-widget-text-editor\" data-id=\"9d2686c\" data-element_type=\"widget\" data-e-type=\"widget\" data-widget_type=\"text-editor.default\">\n\t\t\t\t<div class=\"elementor-widget-container\">\n\t\t\t\t\t\t\t\t\t<p>Or recycl\u00e9<\/p>\n\t\t\t\t\t\t\t\t<\/div>\n\t\t\t\t<\/div>\n\t\t\t\t\t<\/div>\n\t\t\t\t<\/div>\n\t\t\t\t<\/div>\n\t\t","protected":false},"excerpt":{"rendered":"<p>BEAU ET DURABLE ENGAG\u00c9 POUR UNE BEAUT\u00c9 RESPECTUEUSEselon une exigence de tra\u00e7abilit\u00e9 et d\u2019\u00e9co-conception Toutes les cr\u00e9ations Heavenly sont cr\u00e9\u00e9es et d\u00e9velopp\u00e9es \u00e0 Gen\u00e8ve, int\u00e9grant une tra\u00e7abilit\u00e9 d\u00e8s la conception et fabriqu\u00e9es par un partenaire membre du Responsible Jewellery Council (RJC). Organisation internationale \u00e0 but non lucratif, le RJC garantit un respect rigoureux de pratiques [&hellip;]<\/p>\n","protected":false},"author":1,"featured_media":0,"parent":0,"menu_order":0,"comment_status":"closed","ping_status":"closed","template":"page-templates\/homepage.php","meta":{"footnotes":""},"class_list":["post-53810","page","type-page","status-publish","hentry"],"_links":{"self":[{"href":"https:\/\/maisonheavenly.com\/fr\/wp-json\/wp\/v2\/pages\/53810","targetHints":{"allow":["GET"]}}],"collection":[{"href":"https:\/\/maisonheavenly.com\/fr\/wp-json\/wp\/v2\/pages"}],"about":[{"href":"https:\/\/maisonheavenly.com\/fr\/wp-json\/wp\/v2\/types\/page"}],"author":[{"embeddable":true,"href":"https:\/\/maisonheavenly.com\/fr\/wp-json\/wp\/v2\/users\/1"}],"replies":[{"embeddable":true,"href":"https:\/\/maisonheavenly.com\/fr\/wp-json\/wp\/v2\/comments?post=53810"}],"version-history":[{"count":22,"href":"https:\/\/maisonheavenly.com\/fr\/wp-json\/wp\/v2\/pages\/53810\/revisions"}],"predecessor-version":[{"id":54976,"href":"https:\/\/maisonheavenly.com\/fr\/wp-json\/wp\/v2\/pages\/53810\/revisions\/54976"}],"wp:attachment":[{"href":"https:\/\/maisonheavenly.com\/fr\/wp-json\/wp\/v2\/media?parent=53810"}],"curies":[{"name":"wp","href":"https:\/\/api.w.org\/{rel}","templated":true}]}}