{"id":53805,"date":"2024-06-24T13:10:41","date_gmt":"2024-06-24T13:10:41","guid":{"rendered":"https:\/\/prod.maisonheavenly.com\/un-univers-cosmique\/"},"modified":"2024-09-06T09:22:14","modified_gmt":"2024-09-06T09:22:14","slug":"un-univers-cosmique","status":"publish","type":"page","link":"https:\/\/maisonheavenly.com\/fr\/un-univers-cosmique\/","title":{"rendered":"UN UNIVERS COSMIQUE"},"content":{"rendered":"\t\t<div data-elementor-type=\"wp-page\" data-elementor-id=\"53805\" class=\"elementor elementor-53805 elementor-50769\">\n\t\t\t\t<div class=\"elementor-element elementor-element-4006fc8 e-con-full e-flex e-con e-parent\" data-id=\"4006fc8\" data-element_type=\"container\" data-e-type=\"container\" data-settings=\"{&quot;background_background&quot;:&quot;gradient&quot;}\">\n\t\t\t\t<div class=\"elementor-element elementor-element-5f9c9ab elementor-widget elementor-widget-heading\" data-id=\"5f9c9ab\" data-element_type=\"widget\" data-e-type=\"widget\" data-widget_type=\"heading.default\">\n\t\t\t\t<div class=\"elementor-widget-container\">\n\t\t\t\t\t<h1 class=\"elementor-heading-title elementor-size-default\">UN UNIVERS COSMIQUE<\/h1>\t\t\t\t<\/div>\n\t\t\t\t<\/div>\n\t\t\t\t<\/div>\n\t\t\t\t<section class=\"elementor-section elementor-top-section elementor-element elementor-element-074fd32 elementor-section-full_width elementor-section-height-default elementor-section-height-default\" data-id=\"074fd32\" data-element_type=\"section\" data-e-type=\"section\">\n\t\t\t\t\t\t<div class=\"elementor-container elementor-column-gap-default\">\n\t\t\t\t\t<div class=\"elementor-column elementor-col-50 elementor-top-column elementor-element elementor-element-0cbddd1\" data-id=\"0cbddd1\" data-element_type=\"column\" data-e-type=\"column\" data-settings=\"{&quot;background_background&quot;:&quot;gradient&quot;}\">\n\t\t\t<div class=\"elementor-widget-wrap elementor-element-populated\">\n\t\t\t\t\t\t<div class=\"elementor-element elementor-element-757a857 elementor-widget elementor-widget-image\" data-id=\"757a857\" data-element_type=\"widget\" data-e-type=\"widget\" data-widget_type=\"image.default\">\n\t\t\t\t<div class=\"elementor-widget-container\">\n\t\t\t\t\t\t\t\t\t\t\t\t\t\t\t<img fetchpriority=\"high\" decoding=\"async\" width=\"1024\" height=\"1024\" src=\"https:\/\/maisonheavenly.com\/wp-content\/uploads\/2024\/08\/ecrin-1024x1024.png\" class=\"attachment-large size-large wp-image-53795\" alt=\"\" \/>\t\t\t\t\t\t\t\t\t\t\t\t\t\t\t<\/div>\n\t\t\t\t<\/div>\n\t\t\t\t\t<\/div>\n\t\t<\/div>\n\t\t\t\t<div class=\"elementor-column elementor-col-50 elementor-top-column elementor-element elementor-element-00f288c\" data-id=\"00f288c\" data-element_type=\"column\" data-e-type=\"column\">\n\t\t\t<div class=\"elementor-widget-wrap elementor-element-populated\">\n\t\t\t\t\t\t<div class=\"elementor-element elementor-element-477a7ab elementor-widget__width-inherit elementor-widget elementor-widget-text-editor\" data-id=\"477a7ab\" data-element_type=\"widget\" data-e-type=\"widget\" data-widget_type=\"text-editor.default\">\n\t\t\t\t<div class=\"elementor-widget-container\">\n\t\t\t\t\t\t\t\t\tPour son identit\u00e9, Heavenly a choisi la couleur de la pierre C\u00e9lestine, dite \u00ab pierre des anges \u00bb. Sa teinte bleue inimitable, qui d\u00e9finit parfaitement l\u2019esprit de la maison, est r\u00e9put\u00e9e pour apaiser et favoriser la cr\u00e9ativit\u00e9.\t\t\t\t\t\t\t\t<\/div>\n\t\t\t\t<\/div>\n\t\t\t\t<div class=\"elementor-element elementor-element-8e5da6c elementor-widget__width-initial elementor-widget elementor-widget-text-editor\" data-id=\"8e5da6c\" data-element_type=\"widget\" data-e-type=\"widget\" data-widget_type=\"text-editor.default\">\n\t\t\t\t<div class=\"elementor-widget-container\">\n\t\t\t\t\t\t\t\t\t<p>LA PIERRE DES ANGES<\/p>\n\t\t\t\t\t\t\t\t<\/div>\n\t\t\t\t<\/div>\n\t\t\t\t\t<\/div>\n\t\t<\/div>\n\t\t\t\t\t<\/div>\n\t\t<\/section>\n\t\t\t\t<section class=\"elementor-section elementor-top-section elementor-element elementor-element-a5c7e8d elementor-section-full_width elementor-section-height-default elementor-section-height-default\" data-id=\"a5c7e8d\" data-element_type=\"section\" data-e-type=\"section\">\n\t\t\t\t\t\t<div class=\"elementor-container elementor-column-gap-default\">\n\t\t\t\t\t<div class=\"elementor-column elementor-col-50 elementor-top-column elementor-element elementor-element-24cc13e\" data-id=\"24cc13e\" data-element_type=\"column\" data-e-type=\"column\">\n\t\t\t<div class=\"elementor-widget-wrap elementor-element-populated\">\n\t\t\t\t\t\t<div class=\"elementor-element elementor-element-4f450a9 elementor-widget__width-inherit elementor-widget elementor-widget-text-editor\" data-id=\"4f450a9\" data-element_type=\"widget\" data-e-type=\"widget\" data-widget_type=\"text-editor.default\">\n\t\t\t\t<div class=\"elementor-widget-container\">\n\t\t\t\t\t\t\t\t\t<p>DESIGN CELESTES<br \/>exigences \u00e9co-responsables et savoir-faire traditionnels<\/p>\n\t\t\t\t\t\t\t\t<\/div>\n\t\t\t\t<\/div>\n\t\t\t\t<div class=\"elementor-element elementor-element-5a17226 elementor-widget__width-inherit elementor-widget elementor-widget-text-editor\" data-id=\"5a17226\" data-element_type=\"widget\" data-e-type=\"widget\" data-widget_type=\"text-editor.default\">\n\t\t\t\t<div class=\"elementor-widget-container\">\n\t\t\t\t\t\t\t\t\t<p>Port\u00e9e par une vision innovante et un savoir-faire traditionnel, Heavenly lib\u00e8re l\u2019imagination et repousse les limites de l\u2019architecture joailli\u00e8re, anim\u00e9e par une exigence de transparence et de tra\u00e7abilit\u00e9.<\/p>\n<p>L\u2019univers de Heavenly associe des mat\u00e9riaux pr\u00e9cieux, des pierres \u00e0 la symbolique forte, des formes \u00e9vocatrices li\u00e9es aux forces cosmiques.<br \/>Ces bijoux sont con\u00e7us pour se transmettre aux g\u00e9n\u00e9rations futures.<\/p>\n<p>Si toucher les \u00e9toiles ou percer tous leurs myst\u00e8res est impossible, savoir o\u00f9 les mati\u00e8res premi\u00e8res ont \u00e9t\u00e9 d\u00e9couvertes fait partie des exigences de transparence et d\u2019\u00e9co-responsabilit\u00e9 de Heavenly.<\/p>\n\t\t\t\t\t\t\t\t<\/div>\n\t\t\t\t<\/div>\n\t\t\t\t<div class=\"elementor-element elementor-element-391df1e elementor-align-center elementor-widget elementor-widget-bwp_button\" data-id=\"391df1e\" data-element_type=\"widget\" data-e-type=\"widget\" data-widget_type=\"bwp_button.default\">\n\t\t\t\t<div class=\"elementor-widget-container\">\n\t\t\t\t\t\t\t<div class=\"bwp-button-widget\">\n\t\t\t<a href=\"\/fr\/beau-et-durable\/\" class=\"bwp-button-link style_11 bwp-button\" role=\"button\">\n\t\t\t\t\t\t<span class=\"bwp-button-content-wrapper\">\n\t\t\t\t\t\t<span class=\"bwp-button-text\">BEAU ET DURABLE<\/span>\n\t\t<\/span>\n\t\t\t\t\t<\/a>\n\t\t<\/div>\n\t\t\t\t\t\t<\/div>\n\t\t\t\t<\/div>\n\t\t\t\t\t<\/div>\n\t\t<\/div>\n\t\t\t\t<div class=\"elementor-column elementor-col-50 elementor-top-column elementor-element elementor-element-2135094\" data-id=\"2135094\" data-element_type=\"column\" data-e-type=\"column\" data-settings=\"{&quot;background_background&quot;:&quot;gradient&quot;}\">\n\t\t\t<div class=\"elementor-widget-wrap elementor-element-populated\">\n\t\t\t\t\t\t<div class=\"elementor-element elementor-element-87cf416 elementor-widget__width-initial elementor-widget elementor-widget-image\" data-id=\"87cf416\" data-element_type=\"widget\" data-e-type=\"widget\" data-widget_type=\"image.default\">\n\t\t\t\t<div class=\"elementor-widget-container\">\n\t\t\t\t\t\t\t\t\t\t\t\t\t\t\t<img decoding=\"async\" width=\"768\" height=\"635\" src=\"https:\/\/maisonheavenly.com\/wp-content\/uploads\/2024\/07\/FINAL3-croquis-VF-celestial-design-final-768x635-1.png\" class=\"attachment-large size-large wp-image-53617\" alt=\"\" \/>\t\t\t\t\t\t\t\t\t\t\t\t\t\t\t<\/div>\n\t\t\t\t<\/div>\n\t\t\t\t\t<\/div>\n\t\t<\/div>\n\t\t\t\t\t<\/div>\n\t\t<\/section>\n\t\t<div class=\"elementor-element elementor-element-cd72ab3 e-grid e-con-boxed e-con e-parent\" data-id=\"cd72ab3\" data-element_type=\"container\" data-e-type=\"container\">\n\t\t\t\t\t<div class=\"e-con-inner\">\n\t\t\t\t<div class=\"elementor-element elementor-element-d058cdd elementor-widget elementor-widget-image\" data-id=\"d058cdd\" data-element_type=\"widget\" data-e-type=\"widget\" data-widget_type=\"image.default\">\n\t\t\t\t<div class=\"elementor-widget-container\">\n\t\t\t\t\t\t\t\t\t\t\t\t\t\t\t<img decoding=\"async\" width=\"512\" height=\"512\" src=\"https:\/\/maisonheavenly.com\/wp-content\/uploads\/2024\/07\/diamond-1.png\" class=\"attachment-large size-large wp-image-53583\" alt=\"\" \/>\t\t\t\t\t\t\t\t\t\t\t\t\t\t\t<\/div>\n\t\t\t\t<\/div>\n\t\t\t\t<div class=\"elementor-element elementor-element-fa6c3fc elementor-widget elementor-widget-image\" data-id=\"fa6c3fc\" data-element_type=\"widget\" data-e-type=\"widget\" data-widget_type=\"image.default\">\n\t\t\t\t<div class=\"elementor-widget-container\">\n\t\t\t\t\t\t\t\t\t\t\t\t\t\t\t<img loading=\"lazy\" decoding=\"async\" width=\"512\" height=\"512\" src=\"https:\/\/maisonheavenly.com\/wp-content\/uploads\/2024\/07\/save.png\" class=\"attachment-large size-large wp-image-53582\" alt=\"\" \/>\t\t\t\t\t\t\t\t\t\t\t\t\t\t\t<\/div>\n\t\t\t\t<\/div>\n\t\t\t\t<div class=\"elementor-element elementor-element-be07cf2 elementor-widget elementor-widget-image\" data-id=\"be07cf2\" data-element_type=\"widget\" data-e-type=\"widget\" data-widget_type=\"image.default\">\n\t\t\t\t<div class=\"elementor-widget-container\">\n\t\t\t\t\t\t\t\t\t\t\t\t\t\t\t<img loading=\"lazy\" decoding=\"async\" width=\"512\" height=\"512\" src=\"https:\/\/maisonheavenly.com\/wp-content\/uploads\/2024\/07\/recycle-b.png\" class=\"attachment-large size-large wp-image-53606\" alt=\"\" \/>\t\t\t\t\t\t\t\t\t\t\t\t\t\t\t<\/div>\n\t\t\t\t<\/div>\n\t\t\t\t<div class=\"elementor-element elementor-element-9562aba elementor-widget elementor-widget-text-editor\" data-id=\"9562aba\" data-element_type=\"widget\" data-e-type=\"widget\" data-widget_type=\"text-editor.default\">\n\t\t\t\t<div class=\"elementor-widget-container\">\n\t\t\t\t\t\t\t\t\t<p>Joaillier engag\u00e9<\/p>\n\t\t\t\t\t\t\t\t<\/div>\n\t\t\t\t<\/div>\n\t\t\t\t<div class=\"elementor-element elementor-element-0e0bf24 elementor-widget elementor-widget-text-editor\" data-id=\"0e0bf24\" data-element_type=\"widget\" data-e-type=\"widget\" data-widget_type=\"text-editor.default\">\n\t\t\t\t<div class=\"elementor-widget-container\">\n\t\t\t\t\t\t\t\t\t<p>Durable<\/p>\n\t\t\t\t\t\t\t\t<\/div>\n\t\t\t\t<\/div>\n\t\t\t\t<div class=\"elementor-element elementor-element-6c2f07e elementor-widget elementor-widget-text-editor\" data-id=\"6c2f07e\" data-element_type=\"widget\" data-e-type=\"widget\" data-widget_type=\"text-editor.default\">\n\t\t\t\t<div class=\"elementor-widget-container\">\n\t\t\t\t\t\t\t\t\t<p>Or recycl\u00e9<\/p>\n\t\t\t\t\t\t\t\t<\/div>\n\t\t\t\t<\/div>\n\t\t\t\t\t<\/div>\n\t\t\t\t<\/div>\n\t\t\t\t<\/div>\n\t\t","protected":false},"excerpt":{"rendered":"<p>UN UNIVERS COSMIQUE Pour son identit\u00e9, Heavenly a choisi la couleur de la pierre C\u00e9lestine, dite \u00ab pierre des anges \u00bb. Sa teinte bleue inimitable, qui d\u00e9finit parfaitement l\u2019esprit de la maison, est r\u00e9put\u00e9e pour apaiser et favoriser la cr\u00e9ativit\u00e9. LA PIERRE DES ANGES DESIGN CELESTESexigences \u00e9co-responsables et savoir-faire traditionnels Port\u00e9e par une vision innovante [&hellip;]<\/p>\n","protected":false},"author":1,"featured_media":0,"parent":0,"menu_order":0,"comment_status":"closed","ping_status":"closed","template":"page-templates\/homepage.php","meta":{"footnotes":""},"class_list":["post-53805","page","type-page","status-publish","hentry"],"_links":{"self":[{"href":"https:\/\/maisonheavenly.com\/fr\/wp-json\/wp\/v2\/pages\/53805","targetHints":{"allow":["GET"]}}],"collection":[{"href":"https:\/\/maisonheavenly.com\/fr\/wp-json\/wp\/v2\/pages"}],"about":[{"href":"https:\/\/maisonheavenly.com\/fr\/wp-json\/wp\/v2\/types\/page"}],"author":[{"embeddable":true,"href":"https:\/\/maisonheavenly.com\/fr\/wp-json\/wp\/v2\/users\/1"}],"replies":[{"embeddable":true,"href":"https:\/\/maisonheavenly.com\/fr\/wp-json\/wp\/v2\/comments?post=53805"}],"version-history":[{"count":3,"href":"https:\/\/maisonheavenly.com\/fr\/wp-json\/wp\/v2\/pages\/53805\/revisions"}],"predecessor-version":[{"id":54717,"href":"https:\/\/maisonheavenly.com\/fr\/wp-json\/wp\/v2\/pages\/53805\/revisions\/54717"}],"wp:attachment":[{"href":"https:\/\/maisonheavenly.com\/fr\/wp-json\/wp\/v2\/media?parent=53805"}],"curies":[{"name":"wp","href":"https:\/\/api.w.org\/{rel}","templated":true}]}}